{"id":1684,"date":"2025-06-11T18:23:03","date_gmt":"2025-06-11T18:23:03","guid":{"rendered":"https:\/\/hanahaircosmetics.com\/?page_id=1684"},"modified":"2025-06-11T18:23:24","modified_gmt":"2025-06-11T18:23:24","slug":"cookie-policy","status":"publish","type":"page","link":"https:\/\/hanahaircosmetics.com\/es\/cookie-policy\/","title":{"rendered":"Pol\u00edtica de cookies"},"content":{"rendered":"<div data-elementor-type=\"wp-page\" data-elementor-id=\"1684\" class=\"elementor elementor-1684\" data-elementor-post-type=\"page\">\n\t\t\t\t<div class=\"elementor-element elementor-element-6f7814b e-flex e-con-boxed e-con e-parent\" data-id=\"6f7814b\" data-element_type=\"container\">\n\t\t\t\t\t<div class=\"e-con-inner\">\n\t\t\t\t<div class=\"elementor-element elementor-element-ebcca8b elementor-widget elementor-widget-text-editor\" data-id=\"ebcca8b\" data-element_type=\"widget\" data-widget_type=\"text-editor.default\">\n\t\t\t\t<div class=\"elementor-widget-container\">\n\t\t\t\t\t\t\t\t\t<p>POL\u00cdTICA DE COOKIES<\/p><p>Cosm\u00e9ticos capilares Hana<br \/>7925 Sky Park Cir, Ste J<br \/>Irvine, CA, 92614<br \/>Tel: 1 (949) 546-5536<\/p><p>\u00daltima actualizaci\u00f3n: Diciembre 2024<\/p><p>QU\u00c9 SON LAS COOKIES<\/p><p>Las cookies son peque\u00f1os archivos de texto que se almacenan en su ordenador o dispositivo m\u00f3vil cuando visita nuestro sitio web. Se utilizan ampliamente para que los sitios web funcionen de forma m\u00e1s eficiente y para proporcionar informaci\u00f3n a los propietarios de los sitios web.<\/p><p>C\u00d3MO UTILIZAMOS LAS COOKIES<\/p><p>Hana Hair Cosmetics utiliza cookies para:<br \/>- Recordar sus datos de acceso y preferencias<br \/>- Mantenga los art\u00edculos en su cesta de la compra entre visitas<br \/>- Analizar c\u00f3mo utilizan los visitantes nuestro sitio web<br \/>- Proporcionar contenidos y recomendaciones personalizados<br \/>- Garantizar la seguridad del sitio web y evitar el fraude<br \/>- Mejorar el rendimiento de nuestro sitio web y la experiencia del usuario<\/p><p>TIPOS DE COOKIES QUE UTILIZAMOS<\/p><p>Cookies esenciales:<br \/>Estas cookies son necesarias para que el sitio web funcione correctamente. Permiten funciones b\u00e1sicas como la navegaci\u00f3n por las p\u00e1ginas, el acceso a zonas seguras y la funcionalidad de la cesta de la compra. El sitio web no puede funcionar correctamente sin estas cookies.<\/p><p>Cookies de rendimiento:<br \/>Estas cookies recopilan informaci\u00f3n sobre c\u00f3mo los visitantes utilizan nuestro sitio web, como qu\u00e9 p\u00e1ginas se visitan con m\u00e1s frecuencia y si los usuarios reciben mensajes de error. Esta informaci\u00f3n nos ayuda a mejorar el funcionamiento de nuestro sitio web.<\/p><p>Cookies de funcionalidad:<br \/>Estas cookies permiten al sitio web recordar las elecciones que usted hace (como su nombre de usuario, idioma o regi\u00f3n) y proporcionar funciones mejoradas y m\u00e1s personales.<\/p><p>Cookies de segmentaci\u00f3n\/publicidad:<br \/>Estas cookies se utilizan para ofrecer anuncios m\u00e1s relevantes para usted y sus intereses. Podemos instalarlas nosotros o terceros proveedores cuyos servicios utilizamos en nuestras p\u00e1ginas.<\/p><p>Cookies anal\u00edticas:<br \/>Utilizamos cookies anal\u00edticas para entender c\u00f3mo los clientes utilizan nuestro sitio. Esto nos ayuda a mejorar el dise\u00f1o y la funcionalidad de nuestro sitio web.<\/p><p>COOKIES DE TERCEROS<\/p><p>Podemos permitir que terceras empresas coloquen cookies en nuestro sitio web para:<br \/>- Google Analytics: para analizar el tr\u00e1fico del sitio web y el comportamiento de los usuarios.<br \/>- Procesadores de pagos - para gestionar transacciones seguras<br \/>- Plataformas de redes sociales: para compartir en redes sociales<br \/>- Redes publicitarias: para mostrar anuncios relevantes<\/p><p>GESTI\u00d3N DE COOKIES<\/p><p>Puede controlar y gestionar las cookies de varias maneras:<\/p><p>Configuraci\u00f3n del navegador:<br \/>La mayor\u00eda de los navegadores web le permiten controlar las cookies a trav\u00e9s de sus preferencias de configuraci\u00f3n. Puede configurar su navegador para que:<br \/>- Aceptar todas las cookies<br \/>- Rechazar todas las cookies<br \/>- Notificarle cuando se instala una cookie<br \/>- Borrar las cookies al finalizar la navegaci\u00f3n<\/p><p>Tenga en cuenta que si desactiva las cookies, es posible que algunas funciones de nuestro sitio web no funcionen correctamente.<\/p><p>Herramientas de exclusi\u00f3n:<br \/>Puede darse de baja de las cookies de publicidad dirigida visitando:<br \/>- P\u00e1gina de exclusi\u00f3n voluntaria de la Network Advertising Initiative<br \/>- P\u00e1gina de exclusi\u00f3n voluntaria de la Digital Advertising Alliance<br \/>- Configuraci\u00f3n de anuncios de Google<\/p><p>RETENCI\u00d3N DE COOKIES<\/p><p>Las distintas cookies tienen distintos periodos de conservaci\u00f3n:<br \/>- Las cookies de sesi\u00f3n se eliminan al cerrar el navegador<br \/>- Las cookies persistentes permanecen en tu dispositivo durante un periodo determinado o hasta que las eliminas<br \/>- Nuestras cookies suelen caducar en 1-2 a\u00f1os a menos que se eliminen antes<\/p><p>DISPOSITIVOS M\u00d3VILES<\/p><p>Los dispositivos m\u00f3viles pueden utilizar diferentes tecnolog\u00edas similares a las cookies, como:<br \/>- Almacenamiento local<br \/>- Kits de desarrollo de software (SDK)<br \/>- Identificadores de publicidad m\u00f3vil<\/p><p>Puedes gestionarlas a trav\u00e9s de los ajustes de tu dispositivo.<\/p><p>ACTUALIZACIONES DE LA POL\u00cdTICA DE COOKIES<\/p><p>Podemos actualizar esta Pol\u00edtica de Cookies de vez en cuando para reflejar los cambios en la tecnolog\u00eda, la legislaci\u00f3n o nuestras pr\u00e1cticas comerciales. Por favor, revise esta p\u00e1gina peri\u00f3dicamente para ver las actualizaciones.<\/p><p>CONTACTO<\/p><p>Si tiene alguna pregunta sobre el uso que hacemos de las cookies, p\u00f3ngase en contacto con nosotros:<\/p><p>Cosm\u00e9ticos capilares Hana<br \/>7925 Sky Park Cir, Ste J<br \/>Irvine, CA, 92614<br \/>Tel: 1 (949) 546-5536<br \/>Correo electr\u00f3nico: cookies@hanahaircosmetics.com<\/p><p>CONSENTIMIENTO<\/p><p>Al continuar utilizando nuestro sitio web, usted acepta el uso que hacemos de las cookies tal y como se describe en esta pol\u00edtica. Puede retirar su consentimiento en cualquier momento ajustando la configuraci\u00f3n de su navegador o poni\u00e9ndose en contacto con nosotros directamente.<\/p><p>DERECHOS DE PRIVACIDAD EN CALIFORNIA<\/p><p>Los residentes en California tienen derecho a conocer las cookies y las tecnolog\u00edas de seguimiento utilizadas en nuestro sitio web y pueden solicitar informaci\u00f3n sobre las pr\u00e1cticas de recopilaci\u00f3n de datos.<\/p><p>FECHA DE ENTRADA EN VIGOR<\/p><p>La presente Pol\u00edtica de Cookies es la vigente en la fecha de su \u00faltima actualizaci\u00f3n y de aplicaci\u00f3n a todos los usuarios del sitio web de Hana Hair Cosmetics.<\/p>\t\t\t\t\t\t\t\t<\/div>\n\t\t\t\t<\/div>\n\t\t\t\t\t<\/div>\n\t\t\t\t<\/div>\n\t\t\t\t<\/div>","protected":false},"excerpt":{"rendered":"<p>COOKIE POLICY Hana Hair Cosmetics7925 Sky Park Cir, Ste JIrvine, CA, 92614Phone: 1 (949) 546-5536 Last Updated: December 2024 WHAT ARE COOKIES Cookies are small text files that are placed on your computer or mobile device when you visit our website. They are widely used to make websites work more efficiently and provide information to [&hellip;]<\/p>","protected":false},"author":1,"featured_media":0,"parent":0,"menu_order":0,"comment_status":"closed","ping_status":"closed","template":"","meta":{"_acf_changed":false,"footnotes":""},"class_list":["post-1684","page","type-page","status-publish","hentry"],"acf":[],"_links":{"self":[{"href":"https:\/\/hanahaircosmetics.com\/es\/wp-json\/wp\/v2\/pages\/1684","targetHints":{"allow":["GET"]}}],"collection":[{"href":"https:\/\/hanahaircosmetics.com\/es\/wp-json\/wp\/v2\/pages"}],"about":[{"href":"https:\/\/hanahaircosmetics.com\/es\/wp-json\/wp\/v2\/types\/page"}],"author":[{"embeddable":true,"href":"https:\/\/hanahaircosmetics.com\/es\/wp-json\/wp\/v2\/users\/1"}],"replies":[{"embeddable":true,"href":"https:\/\/hanahaircosmetics.com\/es\/wp-json\/wp\/v2\/comments?post=1684"}],"version-history":[{"count":3,"href":"https:\/\/hanahaircosmetics.com\/es\/wp-json\/wp\/v2\/pages\/1684\/revisions"}],"predecessor-version":[{"id":1687,"href":"https:\/\/hanahaircosmetics.com\/es\/wp-json\/wp\/v2\/pages\/1684\/revisions\/1687"}],"wp:attachment":[{"href":"https:\/\/hanahaircosmetics.com\/es\/wp-json\/wp\/v2\/media?parent=1684"}],"curies":[{"name":"wp","href":"https:\/\/api.w.org\/{rel}","templated":true}]}}