{"id":484,"date":"2025-05-05T18:51:49","date_gmt":"2025-05-05T18:51:49","guid":{"rendered":"https:\/\/hanahaircosmetics.com\/product\/moroccan-argan-oil-hair-mask\/"},"modified":"2025-05-23T21:32:05","modified_gmt":"2025-05-23T21:32:05","slug":"moroccan-argan-oil-hair-mask","status":"publish","type":"product","link":"https:\/\/hanahaircosmetics.com\/es\/moroccan-argan-oil-hair-mask\/","title":{"rendered":"Mascarilla capilar de aceite de arg\u00e1n marroqu\u00ed"},"content":{"rendered":"<p>Esta mascarilla \u00fanica rehidratar\u00e1, revitalizar\u00e1 y reparar\u00e1 sus hebras para que destaquen con un brillo lustroso y una suavidad sedosa.<\/p>","protected":false},"excerpt":{"rendered":"<p>Esta mascarilla \u00fanica rehidratar\u00e1, revitalizar\u00e1 y reparar\u00e1 sus hebras para que destaquen con un brillo lustroso y una suavidad sedosa.<\/p>","protected":false},"featured_media":854,"comment_status":"closed","ping_status":"closed","template":"","meta":{"_acf_changed":false},"product_brand":[],"product_cat":[25],"product_tag":[],"class_list":{"0":"post-484","1":"product","2":"type-product","3":"status-publish","4":"has-post-thumbnail","6":"product_cat-moroccan-argan-hair-series","7":"pa_size-300-ml","9":"first","10":"instock","11":"purchasable","12":"product-type-simple"},"acf":[],"_links":{"self":[{"href":"https:\/\/hanahaircosmetics.com\/es\/wp-json\/wp\/v2\/product\/484","targetHints":{"allow":["GET"]}}],"collection":[{"href":"https:\/\/hanahaircosmetics.com\/es\/wp-json\/wp\/v2\/product"}],"about":[{"href":"https:\/\/hanahaircosmetics.com\/es\/wp-json\/wp\/v2\/types\/product"}],"replies":[{"embeddable":true,"href":"https:\/\/hanahaircosmetics.com\/es\/wp-json\/wp\/v2\/comments?post=484"}],"wp:featuredmedia":[{"embeddable":true,"href":"https:\/\/hanahaircosmetics.com\/es\/wp-json\/wp\/v2\/media\/854"}],"wp:attachment":[{"href":"https:\/\/hanahaircosmetics.com\/es\/wp-json\/wp\/v2\/media?parent=484"}],"wp:term":[{"taxonomy":"product_brand","embeddable":true,"href":"https:\/\/hanahaircosmetics.com\/es\/wp-json\/wp\/v2\/product_brand?post=484"},{"taxonomy":"product_cat","embeddable":true,"href":"https:\/\/hanahaircosmetics.com\/es\/wp-json\/wp\/v2\/product_cat?post=484"},{"taxonomy":"product_tag","embeddable":true,"href":"https:\/\/hanahaircosmetics.com\/es\/wp-json\/wp\/v2\/product_tag?post=484"}],"curies":[{"name":"wp","href":"https:\/\/api.w.org\/{rel}","templated":true}]}}