{"id":485,"date":"2025-05-05T18:51:51","date_gmt":"2025-05-05T18:51:51","guid":{"rendered":"https:\/\/hanahaircosmetics.com\/product\/moroccan-argan-oil\/"},"modified":"2025-05-23T21:32:53","modified_gmt":"2025-05-23T21:32:53","slug":"moroccan-argan-oil","status":"publish","type":"product","link":"https:\/\/hanahaircosmetics.com\/es\/moroccan-argan-oil\/","title":{"rendered":"Aceite de arg\u00e1n marroqu\u00ed"},"content":{"rendered":"<p>Repara eficazmente el cabello da\u00f1ado y lo deja m\u00e1s bonito y sano, con lustre y brillo, adem\u00e1s de protegerlo de las agresiones externas.<\/p>","protected":false},"excerpt":{"rendered":"<p>Repara eficazmente el cabello da\u00f1ado y lo deja m\u00e1s bonito y sano, con lustre y brillo, adem\u00e1s de protegerlo de las agresiones externas.<\/p>","protected":false},"featured_media":211,"comment_status":"closed","ping_status":"closed","template":"","meta":{"_acf_changed":false},"product_brand":[],"product_cat":[25],"product_tag":[],"class_list":{"0":"post-485","1":"product","2":"type-product","3":"status-publish","4":"has-post-thumbnail","6":"product_cat-moroccan-argan-hair-series","7":"pa_size-100-ml","9":"first","10":"instock","11":"purchasable","12":"product-type-simple"},"acf":[],"_links":{"self":[{"href":"https:\/\/hanahaircosmetics.com\/es\/wp-json\/wp\/v2\/product\/485","targetHints":{"allow":["GET"]}}],"collection":[{"href":"https:\/\/hanahaircosmetics.com\/es\/wp-json\/wp\/v2\/product"}],"about":[{"href":"https:\/\/hanahaircosmetics.com\/es\/wp-json\/wp\/v2\/types\/product"}],"replies":[{"embeddable":true,"href":"https:\/\/hanahaircosmetics.com\/es\/wp-json\/wp\/v2\/comments?post=485"}],"wp:featuredmedia":[{"embeddable":true,"href":"https:\/\/hanahaircosmetics.com\/es\/wp-json\/wp\/v2\/media\/211"}],"wp:attachment":[{"href":"https:\/\/hanahaircosmetics.com\/es\/wp-json\/wp\/v2\/media?parent=485"}],"wp:term":[{"taxonomy":"product_brand","embeddable":true,"href":"https:\/\/hanahaircosmetics.com\/es\/wp-json\/wp\/v2\/product_brand?post=485"},{"taxonomy":"product_cat","embeddable":true,"href":"https:\/\/hanahaircosmetics.com\/es\/wp-json\/wp\/v2\/product_cat?post=485"},{"taxonomy":"product_tag","embeddable":true,"href":"https:\/\/hanahaircosmetics.com\/es\/wp-json\/wp\/v2\/product_tag?post=485"}],"curies":[{"name":"wp","href":"https:\/\/api.w.org\/{rel}","templated":true}]}}