{"id":490,"date":"2025-05-05T18:51:56","date_gmt":"2025-05-05T18:51:56","guid":{"rendered":"https:\/\/hanahaircosmetics.com\/product\/tea-tree-essence-shampoo\/"},"modified":"2025-05-23T20:01:31","modified_gmt":"2025-05-23T20:01:31","slug":"tea-tree-essence-shampoo","status":"publish","type":"product","link":"https:\/\/hanahaircosmetics.com\/es\/tea-tree-essence-shampoo\/","title":{"rendered":"Champ\u00fa de \u00e1rbol del t\u00e9"},"content":{"rendered":"<p>Elimina la suciedad, las c\u00e9lulas muertas y las impurezas del cuero cabelludo y de los fol\u00edculos pilosos. Con una infusi\u00f3n de aceite de \u00e1rbol de t\u00e9, rico en col\u00e1geno y queratina fortalecedora del cabello, este champ\u00fa est\u00e1 especialmente mezclado para ayudar a restaurar la salud y el brillo de su cabello. \u00a1Es un gran hidratante y deja su cabello maravillosamente fuerte y revitalizado! Completamente seguro para cabellos te\u00f1idos.<\/p>","protected":false},"excerpt":{"rendered":"<p>Limpia la suciedad, las c\u00e9lulas muertas y las impurezas del cuero cabelludo y de los fol\u00edculos pilosos. Con una infusi\u00f3n de aceite de \u00e1rbol de t\u00e9, rico en col\u00e1geno y queratina fortalecedora del cabello, este champ\u00fa est\u00e1 especialmente mezclado para ayudar a restaurar la salud y el brillo de su cabello. \u00a1Es un gran hidratante y deja su cabello maravillosamente fuerte y revitalizado! Completamente [...]<\/p>","protected":false},"featured_media":187,"comment_status":"closed","ping_status":"closed","template":"","meta":{"_acf_changed":false},"product_brand":[],"product_cat":[26],"product_tag":[],"class_list":{"0":"post-490","1":"product","2":"type-product","3":"status-publish","4":"has-post-thumbnail","6":"product_cat-tea-tree-hair-series","7":"pa_size-750-ml","9":"first","10":"instock","11":"purchasable","12":"product-type-simple"},"acf":[],"_links":{"self":[{"href":"https:\/\/hanahaircosmetics.com\/es\/wp-json\/wp\/v2\/product\/490","targetHints":{"allow":["GET"]}}],"collection":[{"href":"https:\/\/hanahaircosmetics.com\/es\/wp-json\/wp\/v2\/product"}],"about":[{"href":"https:\/\/hanahaircosmetics.com\/es\/wp-json\/wp\/v2\/types\/product"}],"replies":[{"embeddable":true,"href":"https:\/\/hanahaircosmetics.com\/es\/wp-json\/wp\/v2\/comments?post=490"}],"wp:featuredmedia":[{"embeddable":true,"href":"https:\/\/hanahaircosmetics.com\/es\/wp-json\/wp\/v2\/media\/187"}],"wp:attachment":[{"href":"https:\/\/hanahaircosmetics.com\/es\/wp-json\/wp\/v2\/media?parent=490"}],"wp:term":[{"taxonomy":"product_brand","embeddable":true,"href":"https:\/\/hanahaircosmetics.com\/es\/wp-json\/wp\/v2\/product_brand?post=490"},{"taxonomy":"product_cat","embeddable":true,"href":"https:\/\/hanahaircosmetics.com\/es\/wp-json\/wp\/v2\/product_cat?post=490"},{"taxonomy":"product_tag","embeddable":true,"href":"https:\/\/hanahaircosmetics.com\/es\/wp-json\/wp\/v2\/product_tag?post=490"}],"curies":[{"name":"wp","href":"https:\/\/api.w.org\/{rel}","templated":true}]}}