{"id":491,"date":"2025-05-05T18:51:57","date_gmt":"2025-05-05T18:51:57","guid":{"rendered":"https:\/\/hanahaircosmetics.com\/product\/tea-tree-essence-conditioner\/"},"modified":"2025-05-24T20:39:07","modified_gmt":"2025-05-24T20:39:07","slug":"tea-tree-essence-conditioner","status":"publish","type":"product","link":"https:\/\/hanahaircosmetics.com\/es\/tea-tree-essence-conditioner\/","title":{"rendered":"Acondicionador de \u00c1rbol del T\u00e9"},"content":{"rendered":"<p>Contiene potentes nutrientes y minerales que ofrecen una nutrici\u00f3n completa desde la ra\u00edz hasta las puntas. Contiene aceite de \u00e1rbol de trea org\u00e1nico, rico en vitamina E y queratina para fortalecer el cabello, integrado con col\u00e1geno activo que evapora y penetra la tecnolog\u00eda, puede penetrar r\u00e1pidamente en el cabello y los fol\u00edculos pilosos para mejorar la activaci\u00f3n y hacer que el cabello brillante y suave durante mucho tiempo.<\/p>","protected":false},"excerpt":{"rendered":"<p>Features powerful nutrients and minerals that offer complete nourishment from the roots to the ends. It contains organic trea tree oil, rich in Vitamin E and hair strengthening keratin, integrated with active collagen evaporating &amp; penetrating technology, it can quickly penetrate into hair and hair follicles to enhance activation and make hair lustrous and smooth [&hellip;]<\/p>","protected":false},"featured_media":201,"comment_status":"closed","ping_status":"closed","template":"","meta":{"_acf_changed":false},"product_brand":[],"product_cat":[26],"product_tag":[],"class_list":{"0":"post-491","1":"product","2":"type-product","3":"status-publish","4":"has-post-thumbnail","6":"product_cat-tea-tree-hair-series","7":"pa_size-750-ml","9":"first","10":"instock","11":"purchasable","12":"product-type-simple"},"acf":[],"_links":{"self":[{"href":"https:\/\/hanahaircosmetics.com\/es\/wp-json\/wp\/v2\/product\/491","targetHints":{"allow":["GET"]}}],"collection":[{"href":"https:\/\/hanahaircosmetics.com\/es\/wp-json\/wp\/v2\/product"}],"about":[{"href":"https:\/\/hanahaircosmetics.com\/es\/wp-json\/wp\/v2\/types\/product"}],"replies":[{"embeddable":true,"href":"https:\/\/hanahaircosmetics.com\/es\/wp-json\/wp\/v2\/comments?post=491"}],"wp:featuredmedia":[{"embeddable":true,"href":"https:\/\/hanahaircosmetics.com\/es\/wp-json\/wp\/v2\/media\/201"}],"wp:attachment":[{"href":"https:\/\/hanahaircosmetics.com\/es\/wp-json\/wp\/v2\/media?parent=491"}],"wp:term":[{"taxonomy":"product_brand","embeddable":true,"href":"https:\/\/hanahaircosmetics.com\/es\/wp-json\/wp\/v2\/product_brand?post=491"},{"taxonomy":"product_cat","embeddable":true,"href":"https:\/\/hanahaircosmetics.com\/es\/wp-json\/wp\/v2\/product_cat?post=491"},{"taxonomy":"product_tag","embeddable":true,"href":"https:\/\/hanahaircosmetics.com\/es\/wp-json\/wp\/v2\/product_tag?post=491"}],"curies":[{"name":"wp","href":"https:\/\/api.w.org\/{rel}","templated":true}]}}