{"id":492,"date":"2025-05-05T18:51:58","date_gmt":"2025-05-05T18:51:58","guid":{"rendered":"https:\/\/hanahaircosmetics.com\/product\/tea-tree-essence-hair-mask\/"},"modified":"2025-05-23T20:01:31","modified_gmt":"2025-05-23T20:01:31","slug":"tea-tree-essence-hair-mask","status":"publish","type":"product","link":"https:\/\/hanahaircosmetics.com\/es\/tea-tree-essence-hair-mask\/","title":{"rendered":"Mascarilla capilar de \u00e1rbol del t\u00e9"},"content":{"rendered":"<p>Ayuda a hidratar el cabello, contribuye a limitar el efecto desecante de los da\u00f1os diarios y ayuda a enriquecerlo.<\/p>","protected":false},"excerpt":{"rendered":"<p>Ayuda a hidratar el cabello, contribuye a limitar el efecto desecante de los da\u00f1os diarios y ayuda a enriquecerlo.<\/p>","protected":false},"featured_media":199,"comment_status":"closed","ping_status":"closed","template":"","meta":{"_acf_changed":false},"product_brand":[],"product_cat":[26],"product_tag":[],"class_list":{"0":"post-492","1":"product","2":"type-product","3":"status-publish","4":"has-post-thumbnail","6":"product_cat-tea-tree-hair-series","7":"pa_size-500-ml","9":"first","10":"outofstock","11":"purchasable","12":"product-type-simple"},"acf":[],"_links":{"self":[{"href":"https:\/\/hanahaircosmetics.com\/es\/wp-json\/wp\/v2\/product\/492","targetHints":{"allow":["GET"]}}],"collection":[{"href":"https:\/\/hanahaircosmetics.com\/es\/wp-json\/wp\/v2\/product"}],"about":[{"href":"https:\/\/hanahaircosmetics.com\/es\/wp-json\/wp\/v2\/types\/product"}],"replies":[{"embeddable":true,"href":"https:\/\/hanahaircosmetics.com\/es\/wp-json\/wp\/v2\/comments?post=492"}],"wp:featuredmedia":[{"embeddable":true,"href":"https:\/\/hanahaircosmetics.com\/es\/wp-json\/wp\/v2\/media\/199"}],"wp:attachment":[{"href":"https:\/\/hanahaircosmetics.com\/es\/wp-json\/wp\/v2\/media?parent=492"}],"wp:term":[{"taxonomy":"product_brand","embeddable":true,"href":"https:\/\/hanahaircosmetics.com\/es\/wp-json\/wp\/v2\/product_brand?post=492"},{"taxonomy":"product_cat","embeddable":true,"href":"https:\/\/hanahaircosmetics.com\/es\/wp-json\/wp\/v2\/product_cat?post=492"},{"taxonomy":"product_tag","embeddable":true,"href":"https:\/\/hanahaircosmetics.com\/es\/wp-json\/wp\/v2\/product_tag?post=492"}],"curies":[{"name":"wp","href":"https:\/\/api.w.org\/{rel}","templated":true}]}}