{"id":493,"date":"2025-05-05T18:51:59","date_gmt":"2025-05-05T18:51:59","guid":{"rendered":"https:\/\/hanahaircosmetics.com\/product\/tea-tree-essence-moroccan-argan-oil\/"},"modified":"2025-05-23T20:01:31","modified_gmt":"2025-05-23T20:01:31","slug":"tea-tree-essence-moroccan-argan-oil","status":"publish","type":"product","link":"https:\/\/hanahaircosmetics.com\/es\/tea-tree-essence-moroccan-argan-oil\/","title":{"rendered":"\u00c1rbol de t\u00e9 Aceite de arg\u00e1n marroqu\u00ed"},"content":{"rendered":"<p>Experimente los lujosos y nutritivos beneficios del Aceite de Arg\u00e1n puro de Marruecos. Extra\u00eddo de los granos del \u00e1rbol de arg\u00e1n marroqu\u00ed, este elixir de belleza multiusos es rico en antioxidantes, vitaminas y \u00e1cidos grasos, y proporciona una hidrataci\u00f3n y un rejuvenecimiento intensos de la piel, el cabello y las u\u00f1as.<\/p>","protected":false},"excerpt":{"rendered":"<p>Experimente los lujosos y nutritivos beneficios del Aceite de Arg\u00e1n puro de Marruecos. Extra\u00eddo de los granos del \u00e1rbol de arg\u00e1n marroqu\u00ed, este elixir de belleza multiusos es rico en antioxidantes, vitaminas y \u00e1cidos grasos, y proporciona una hidrataci\u00f3n y un rejuvenecimiento intensos de la piel, el cabello y las u\u00f1as.<\/p>","protected":false},"featured_media":237,"comment_status":"closed","ping_status":"closed","template":"","meta":{"_acf_changed":false},"product_brand":[],"product_cat":[26],"product_tag":[],"class_list":{"0":"post-493","1":"product","2":"type-product","3":"status-publish","4":"has-post-thumbnail","6":"product_cat-tea-tree-hair-series","7":"pa_size-100-ml","9":"first","10":"instock","11":"purchasable","12":"product-type-simple"},"acf":[],"_links":{"self":[{"href":"https:\/\/hanahaircosmetics.com\/es\/wp-json\/wp\/v2\/product\/493","targetHints":{"allow":["GET"]}}],"collection":[{"href":"https:\/\/hanahaircosmetics.com\/es\/wp-json\/wp\/v2\/product"}],"about":[{"href":"https:\/\/hanahaircosmetics.com\/es\/wp-json\/wp\/v2\/types\/product"}],"replies":[{"embeddable":true,"href":"https:\/\/hanahaircosmetics.com\/es\/wp-json\/wp\/v2\/comments?post=493"}],"wp:featuredmedia":[{"embeddable":true,"href":"https:\/\/hanahaircosmetics.com\/es\/wp-json\/wp\/v2\/media\/237"}],"wp:attachment":[{"href":"https:\/\/hanahaircosmetics.com\/es\/wp-json\/wp\/v2\/media?parent=493"}],"wp:term":[{"taxonomy":"product_brand","embeddable":true,"href":"https:\/\/hanahaircosmetics.com\/es\/wp-json\/wp\/v2\/product_brand?post=493"},{"taxonomy":"product_cat","embeddable":true,"href":"https:\/\/hanahaircosmetics.com\/es\/wp-json\/wp\/v2\/product_cat?post=493"},{"taxonomy":"product_tag","embeddable":true,"href":"https:\/\/hanahaircosmetics.com\/es\/wp-json\/wp\/v2\/product_tag?post=493"}],"curies":[{"name":"wp","href":"https:\/\/api.w.org\/{rel}","templated":true}]}}