{"id":500,"date":"2025-05-05T18:52:07","date_gmt":"2025-05-05T18:52:07","guid":{"rendered":"https:\/\/hanahaircosmetics.com\/product\/anti-hair-loss-spray-serum\/"},"modified":"2025-05-23T20:34:17","modified_gmt":"2025-05-23T20:34:17","slug":"anti-hair-loss-spray-serum","status":"publish","type":"product","link":"https:\/\/hanahaircosmetics.com\/es\/anti-hair-loss-spray-serum\/","title":{"rendered":"Serum Spray Antica\u00edda"},"content":{"rendered":"<p>Pro-Biotin and Copper Tripepper-1 es un avance en biotecnolog\u00eda que nutre los fol\u00edculos pilosos y prolifera el metabolismo celular para un r\u00e1pido crecimiento del cabello.<\/p>","protected":false},"excerpt":{"rendered":"<p>Pro-Biotin and Copper Tripepper-1 es un avance en biotecnolog\u00eda que nutre los fol\u00edculos pilosos y prolifera el metabolismo celular para un r\u00e1pido crecimiento del cabello.<\/p>","protected":false},"featured_media":858,"comment_status":"closed","ping_status":"closed","template":"","meta":{"_acf_changed":false},"product_brand":[],"product_cat":[44],"product_tag":[],"class_list":{"0":"post-500","1":"product","2":"type-product","3":"status-publish","4":"has-post-thumbnail","6":"product_cat-hair-regrowth","7":"pa_size-100-ml","9":"first","10":"instock","11":"purchasable","12":"product-type-simple"},"acf":[],"_links":{"self":[{"href":"https:\/\/hanahaircosmetics.com\/es\/wp-json\/wp\/v2\/product\/500","targetHints":{"allow":["GET"]}}],"collection":[{"href":"https:\/\/hanahaircosmetics.com\/es\/wp-json\/wp\/v2\/product"}],"about":[{"href":"https:\/\/hanahaircosmetics.com\/es\/wp-json\/wp\/v2\/types\/product"}],"replies":[{"embeddable":true,"href":"https:\/\/hanahaircosmetics.com\/es\/wp-json\/wp\/v2\/comments?post=500"}],"wp:featuredmedia":[{"embeddable":true,"href":"https:\/\/hanahaircosmetics.com\/es\/wp-json\/wp\/v2\/media\/858"}],"wp:attachment":[{"href":"https:\/\/hanahaircosmetics.com\/es\/wp-json\/wp\/v2\/media?parent=500"}],"wp:term":[{"taxonomy":"product_brand","embeddable":true,"href":"https:\/\/hanahaircosmetics.com\/es\/wp-json\/wp\/v2\/product_brand?post=500"},{"taxonomy":"product_cat","embeddable":true,"href":"https:\/\/hanahaircosmetics.com\/es\/wp-json\/wp\/v2\/product_cat?post=500"},{"taxonomy":"product_tag","embeddable":true,"href":"https:\/\/hanahaircosmetics.com\/es\/wp-json\/wp\/v2\/product_tag?post=500"}],"curies":[{"name":"wp","href":"https:\/\/api.w.org\/{rel}","templated":true}]}}