{"id":503,"date":"2025-05-05T18:52:10","date_gmt":"2025-05-05T18:52:10","guid":{"rendered":"https:\/\/hanahaircosmetics.com\/product\/repairs-strengthens-shampoo\/"},"modified":"2025-05-23T20:16:42","modified_gmt":"2025-05-23T20:16:42","slug":"repairs-strengthens-shampoo","status":"publish","type":"product","link":"https:\/\/hanahaircosmetics.com\/es\/repairs-strengthens-shampoo\/","title":{"rendered":"Champ\u00fa Repara Fortalece"},"content":{"rendered":"<p>LIMPIEZA Y REPARACI\u00d3N DIARIA<br \/>\nCon una infusi\u00f3n de aceite de macadamia rico en antioxidantes, este champ\u00fa limpia suavemente y acondiciona el cabello, al tiempo que a\u00f1ade y sella la hidrataci\u00f3n.<\/p>","protected":false},"excerpt":{"rendered":"<p>CLEANING AND DAILY REPAIR Infused with antioxidant rich Macadamia oil, this shampoo gently cleanses and conditions hair, while adding and sealing moisture.<\/p>","protected":false},"featured_media":1260,"comment_status":"closed","ping_status":"closed","template":"","meta":{"_acf_changed":false},"product_brand":[],"product_cat":[28],"product_tag":[],"class_list":{"0":"post-503","1":"product","2":"type-product","3":"status-publish","4":"has-post-thumbnail","6":"product_cat-macadamia-hair-series","7":"pa_size-500-ml","9":"first","10":"instock","11":"purchasable","12":"product-type-simple"},"acf":[],"_links":{"self":[{"href":"https:\/\/hanahaircosmetics.com\/es\/wp-json\/wp\/v2\/product\/503","targetHints":{"allow":["GET"]}}],"collection":[{"href":"https:\/\/hanahaircosmetics.com\/es\/wp-json\/wp\/v2\/product"}],"about":[{"href":"https:\/\/hanahaircosmetics.com\/es\/wp-json\/wp\/v2\/types\/product"}],"replies":[{"embeddable":true,"href":"https:\/\/hanahaircosmetics.com\/es\/wp-json\/wp\/v2\/comments?post=503"}],"wp:featuredmedia":[{"embeddable":true,"href":"https:\/\/hanahaircosmetics.com\/es\/wp-json\/wp\/v2\/media\/1260"}],"wp:attachment":[{"href":"https:\/\/hanahaircosmetics.com\/es\/wp-json\/wp\/v2\/media?parent=503"}],"wp:term":[{"taxonomy":"product_brand","embeddable":true,"href":"https:\/\/hanahaircosmetics.com\/es\/wp-json\/wp\/v2\/product_brand?post=503"},{"taxonomy":"product_cat","embeddable":true,"href":"https:\/\/hanahaircosmetics.com\/es\/wp-json\/wp\/v2\/product_cat?post=503"},{"taxonomy":"product_tag","embeddable":true,"href":"https:\/\/hanahaircosmetics.com\/es\/wp-json\/wp\/v2\/product_tag?post=503"}],"curies":[{"name":"wp","href":"https:\/\/api.w.org\/{rel}","templated":true}]}}