{"id":504,"date":"2025-05-05T18:52:11","date_gmt":"2025-05-05T18:52:11","guid":{"rendered":"https:\/\/hanahaircosmetics.com\/product\/nourishes-restores-conditioner\/"},"modified":"2025-05-23T20:19:44","modified_gmt":"2025-05-23T20:19:44","slug":"nourishes-restores-conditioner","status":"publish","type":"product","link":"https:\/\/hanahaircosmetics.com\/es\/nourishes-restores-conditioner\/","title":{"rendered":"Nutre Restaura Acondicionador"},"content":{"rendered":"<p>LIMPIEZA Y REPARACI\u00d3N DIARIA<br \/>\nCon una infusi\u00f3n de aceite de macadamia rico en antioxidantes, repone, nutre y sella la hidrataci\u00f3n a la vez que suaviza el encrespamiento, favorece la retenci\u00f3n del color y aporta brillo.<\/p>","protected":false},"excerpt":{"rendered":"<p>CLEANING AND DAILY REPAIR Infused with antioxidant rich Macadamia oil, replenishes, nourishes and seals in moisture while smoothing frizz; promote color retention and add shine.<\/p>","protected":false},"featured_media":1266,"comment_status":"closed","ping_status":"closed","template":"","meta":{"_acf_changed":false},"product_brand":[],"product_cat":[28],"product_tag":[],"class_list":{"0":"post-504","1":"product","2":"type-product","3":"status-publish","4":"has-post-thumbnail","6":"product_cat-macadamia-hair-series","7":"pa_size-500-ml","9":"first","10":"instock","11":"purchasable","12":"product-type-simple"},"acf":[],"_links":{"self":[{"href":"https:\/\/hanahaircosmetics.com\/es\/wp-json\/wp\/v2\/product\/504","targetHints":{"allow":["GET"]}}],"collection":[{"href":"https:\/\/hanahaircosmetics.com\/es\/wp-json\/wp\/v2\/product"}],"about":[{"href":"https:\/\/hanahaircosmetics.com\/es\/wp-json\/wp\/v2\/types\/product"}],"replies":[{"embeddable":true,"href":"https:\/\/hanahaircosmetics.com\/es\/wp-json\/wp\/v2\/comments?post=504"}],"wp:featuredmedia":[{"embeddable":true,"href":"https:\/\/hanahaircosmetics.com\/es\/wp-json\/wp\/v2\/media\/1266"}],"wp:attachment":[{"href":"https:\/\/hanahaircosmetics.com\/es\/wp-json\/wp\/v2\/media?parent=504"}],"wp:term":[{"taxonomy":"product_brand","embeddable":true,"href":"https:\/\/hanahaircosmetics.com\/es\/wp-json\/wp\/v2\/product_brand?post=504"},{"taxonomy":"product_cat","embeddable":true,"href":"https:\/\/hanahaircosmetics.com\/es\/wp-json\/wp\/v2\/product_cat?post=504"},{"taxonomy":"product_tag","embeddable":true,"href":"https:\/\/hanahaircosmetics.com\/es\/wp-json\/wp\/v2\/product_tag?post=504"}],"curies":[{"name":"wp","href":"https:\/\/api.w.org\/{rel}","templated":true}]}}