{"id":505,"date":"2025-05-05T18:52:12","date_gmt":"2025-05-05T18:52:12","guid":{"rendered":"https:\/\/hanahaircosmetics.com\/product\/hydrating-repairs-hair-mask\/"},"modified":"2025-05-23T20:22:47","modified_gmt":"2025-05-23T20:22:47","slug":"hydrating-repairs-hair-mask","status":"publish","type":"product","link":"https:\/\/hanahaircosmetics.com\/es\/hydrating-repairs-hair-mask\/","title":{"rendered":"Mascarilla capilar hidratante y reparadora"},"content":{"rendered":"<p>Esta mascarilla hidratante reparadora revitaliza el cabello seco y da\u00f1ado con un aporte instant\u00e1neo de hidrataci\u00f3n. Penetra profundamente para reconstruir y reconstruir el cabello estresado y da\u00f1ado para mejorar la salud, el brillo y la elasticidad sin apelmazar.<br \/>\nEN UNA BOLSA, MUY C\u00d3MODO DE USAR.<\/p>","protected":false},"excerpt":{"rendered":"<p>Esta mascarilla hidratante reparadora revitaliza el cabello seco y da\u00f1ado con un aporte instant\u00e1neo de hidrataci\u00f3n. Penetra en profundidad para reconstruir y reconstruir el cabello estresado y da\u00f1ado y mejorar su salud, brillo y elasticidad sin apelmazar. EN UNA BOLSITA, MUY C\u00d3MODA DE USAR.<\/p>","protected":false},"featured_media":192,"comment_status":"closed","ping_status":"closed","template":"","meta":{"_acf_changed":false},"product_brand":[],"product_cat":[28],"product_tag":[],"class_list":{"0":"post-505","1":"product","2":"type-product","3":"status-publish","4":"has-post-thumbnail","6":"product_cat-macadamia-hair-series","7":"pa_size-500-ml","9":"first","10":"outofstock","11":"purchasable","12":"product-type-simple"},"acf":[],"_links":{"self":[{"href":"https:\/\/hanahaircosmetics.com\/es\/wp-json\/wp\/v2\/product\/505","targetHints":{"allow":["GET"]}}],"collection":[{"href":"https:\/\/hanahaircosmetics.com\/es\/wp-json\/wp\/v2\/product"}],"about":[{"href":"https:\/\/hanahaircosmetics.com\/es\/wp-json\/wp\/v2\/types\/product"}],"replies":[{"embeddable":true,"href":"https:\/\/hanahaircosmetics.com\/es\/wp-json\/wp\/v2\/comments?post=505"}],"wp:featuredmedia":[{"embeddable":true,"href":"https:\/\/hanahaircosmetics.com\/es\/wp-json\/wp\/v2\/media\/192"}],"wp:attachment":[{"href":"https:\/\/hanahaircosmetics.com\/es\/wp-json\/wp\/v2\/media?parent=505"}],"wp:term":[{"taxonomy":"product_brand","embeddable":true,"href":"https:\/\/hanahaircosmetics.com\/es\/wp-json\/wp\/v2\/product_brand?post=505"},{"taxonomy":"product_cat","embeddable":true,"href":"https:\/\/hanahaircosmetics.com\/es\/wp-json\/wp\/v2\/product_cat?post=505"},{"taxonomy":"product_tag","embeddable":true,"href":"https:\/\/hanahaircosmetics.com\/es\/wp-json\/wp\/v2\/product_tag?post=505"}],"curies":[{"name":"wp","href":"https:\/\/api.w.org\/{rel}","templated":true}]}}